{"id":3793,"date":"2021-10-25T14:24:40","date_gmt":"2021-10-25T14:24:40","guid":{"rendered":"https:\/\/www.pakklasor.com\/?post_type=product&#038;p=3793"},"modified":"2021-10-25T14:24:41","modified_gmt":"2021-10-25T14:24:41","slug":"ofset-baskili-dugme-kartelasi","status":"publish","type":"product","link":"https:\/\/www.pakklasor.com\/tr\/shop\/kartela\/ofset-baskili-dugme-kartelasi\/","title":{"rendered":"Ofset Bask\u0131l\u0131 D\u00fc\u011fme Kartelas\u0131"},"content":{"rendered":"<h4>\u00a0 \u00a0Kartelalar, firmalar\u0131n sunumlar\u0131nda kulland\u0131klar\u0131 reklam materyalleridir. \u00dcr\u00fcnlerinizi tan\u0131tman\u0131z a\u00e7\u0131s\u0131ndan sizlere kolayl\u0131k sa\u011flamaktad\u0131r. Kartelalar her sekt\u00f6re hitap etmekte ve kar\u015f\u0131m\u0131za \u00e7\u0131kabilmektedir. Bizim kartela imalat\u0131m\u0131zda \u00f6l\u00e7\u00fcler ve \u015fekiller m\u00fc\u015fterilerimizin iste\u011fi do\u011frultusunda \u015fekillenmektedir.<\/h4>","protected":false},"excerpt":{"rendered":"<p><img loading=\"lazy\" decoding=\"async\" class=\"alignnone size-full wp-image-3713\" src=\"http:\/\/www.pakklasor.com\/wp-content\/uploads\/2021\/10\/aciklama-1.png\" alt=\"\" width=\"758\" height=\"681\" srcset=\"https:\/\/www.pakklasor.com\/wp-content\/uploads\/2021\/10\/aciklama-1.png 758w, https:\/\/www.pakklasor.com\/wp-content\/uploads\/2021\/10\/aciklama-1-13x12.png 13w\" sizes=\"auto, (max-width: 758px) 100vw, 758px\" \/><\/p>","protected":false},"featured_media":3058,"comment_status":"open","ping_status":"closed","template":"","meta":[],"product_cat":[50],"product_tag":[212,294,69,210,292,289],"class_list":["post-3793","product","type-product","status-publish","has-post-thumbnail","hentry","product_cat-kartela","product_tag-baskili-kartela","product_tag-dugme-kartelasi","product_tag-kartela","product_tag-kartela-imalati","product_tag-kartela-uretimi","product_tag-mukavva-kartela"],"_links":{"self":[{"href":"https:\/\/www.pakklasor.com\/tr\/wp-json\/wp\/v2\/product\/3793","targetHints":{"allow":["GET"]}}],"collection":[{"href":"https:\/\/www.pakklasor.com\/tr\/wp-json\/wp\/v2\/product"}],"about":[{"href":"https:\/\/www.pakklasor.com\/tr\/wp-json\/wp\/v2\/types\/product"}],"replies":[{"embeddable":true,"href":"https:\/\/www.pakklasor.com\/tr\/wp-json\/wp\/v2\/comments?post=3793"}],"wp:featuredmedia":[{"embeddable":true,"href":"https:\/\/www.pakklasor.com\/tr\/wp-json\/wp\/v2\/media\/3058"}],"wp:attachment":[{"href":"https:\/\/www.pakklasor.com\/tr\/wp-json\/wp\/v2\/media?parent=3793"}],"wp:term":[{"taxonomy":"product_cat","embeddable":true,"href":"https:\/\/www.pakklasor.com\/tr\/wp-json\/wp\/v2\/product_cat?post=3793"},{"taxonomy":"product_tag","embeddable":true,"href":"https:\/\/www.pakklasor.com\/tr\/wp-json\/wp\/v2\/product_tag?post=3793"}],"curies":[{"name":"wp","href":"https:\/\/api.w.org\/{rel}","templated":true}]}}