{"id":3760,"date":"2021-10-16T09:40:30","date_gmt":"2021-10-16T09:40:30","guid":{"rendered":"https:\/\/www.pakklasor.com\/?post_type=product&#038;p=3760"},"modified":"2021-10-16T09:40:30","modified_gmt":"2021-10-16T09:40:30","slug":"bloknotlu-ucgen-masa-takvimi","status":"publish","type":"product","link":"https:\/\/www.pakklasor.com\/tr\/shop\/takvim\/bloknotlu-ucgen-masa-takvimi\/","title":{"rendered":"Bloknotlu \u00dc\u00e7gen Masa Takvimi"},"content":{"rendered":"<h4>\u00a0 \u00a0Ofis masan\u0131z\u0131n olmazsa olmaz\u0131 k\u00fcp bloknotlar, bir\u00e7ok konuda \u00f6nemli bir g\u00f6rev \u00fcstleniyorlar. k\u00fcp bloknotlar, telefonla konu\u015furken not alman\u0131z gerekti\u011finde, masan\u0131zda kendinize hat\u0131rlatma notu b\u0131rakmak istedi\u011finizde ve benzer bir\u00e7ok farkl\u0131 durumda i\u015finize yaramaktad\u0131rlar. Kapak k\u0131sm\u0131na firman\u0131z\u0131n logosu ve bilgileri eklendi\u011finde g\u00fczel bir promosyon \u00fcr\u00fcn\u00fc olarak tercih edilebilir.<\/h4>","protected":false},"excerpt":{"rendered":"<p><img loading=\"lazy\" decoding=\"async\" class=\"alignnone size-full wp-image-3713\" src=\"http:\/\/www.pakklasor.com\/wp-content\/uploads\/2021\/10\/aciklama-1.png\" alt=\"\" width=\"758\" height=\"681\" srcset=\"https:\/\/www.pakklasor.com\/wp-content\/uploads\/2021\/10\/aciklama-1.png 758w, https:\/\/www.pakklasor.com\/wp-content\/uploads\/2021\/10\/aciklama-1-13x12.png 13w\" sizes=\"auto, (max-width: 758px) 100vw, 758px\" \/><\/p>","protected":false},"featured_media":3761,"comment_status":"open","ping_status":"closed","template":"","meta":[],"product_cat":[252,51],"product_tag":[74,33,81,84],"class_list":["post-3760","product","type-product","status-publish","has-post-thumbnail","hentry","product_cat-ucgen-masa-standi","product_cat-takvim","product_tag-bloknot","product_tag-calendar","product_tag-masa-takvimi","product_tag-ucgen-takvim"],"_links":{"self":[{"href":"https:\/\/www.pakklasor.com\/tr\/wp-json\/wp\/v2\/product\/3760","targetHints":{"allow":["GET"]}}],"collection":[{"href":"https:\/\/www.pakklasor.com\/tr\/wp-json\/wp\/v2\/product"}],"about":[{"href":"https:\/\/www.pakklasor.com\/tr\/wp-json\/wp\/v2\/types\/product"}],"replies":[{"embeddable":true,"href":"https:\/\/www.pakklasor.com\/tr\/wp-json\/wp\/v2\/comments?post=3760"}],"wp:featuredmedia":[{"embeddable":true,"href":"https:\/\/www.pakklasor.com\/tr\/wp-json\/wp\/v2\/media\/3761"}],"wp:attachment":[{"href":"https:\/\/www.pakklasor.com\/tr\/wp-json\/wp\/v2\/media?parent=3760"}],"wp:term":[{"taxonomy":"product_cat","embeddable":true,"href":"https:\/\/www.pakklasor.com\/tr\/wp-json\/wp\/v2\/product_cat?post=3760"},{"taxonomy":"product_tag","embeddable":true,"href":"https:\/\/www.pakklasor.com\/tr\/wp-json\/wp\/v2\/product_tag?post=3760"}],"curies":[{"name":"wp","href":"https:\/\/api.w.org\/{rel}","templated":true}]}}