{"id":3738,"date":"2021-10-09T09:30:09","date_gmt":"2021-10-09T09:30:09","guid":{"rendered":"https:\/\/www.pakklasor.com\/?post_type=product&#038;p=3738"},"modified":"2021-10-09T09:30:10","modified_gmt":"2021-10-09T09:30:10","slug":"cilt-bezi-kaplama-taki-kutusu","status":"publish","type":"product","link":"https:\/\/www.pakklasor.com\/tr\/shop\/kutular\/cilt-bezi-kaplama-taki-kutusu\/","title":{"rendered":"Cilt Bezi Kaplama Tak\u0131 Kutusu"},"content":{"rendered":"<h4>Kaliteli \u00fcr\u00fcn gruplar\u0131nda kullan\u0131lan taslama kutu, g\u00f6steri\u015fli, zarif ve sa\u011flam yap\u0131s\u0131yla markalar\u0131n kalitesini kullan\u0131c\u0131ya hissettiren fantezi kutu \u00e7e\u015fididir.<br \/>\nTaslama kutu \u00fcr\u00fcn\u00fcne de\u011fer veren her sekt\u00f6r taraf\u0131ndan kullan\u0131l\u0131r, promosyon \u00fcr\u00fcnleri, kozmetik, \u00fcr\u00fcn tan\u0131t\u0131m\u0131 ve dayan\u0131kl\u0131 yap\u0131s\u0131 sayesinde uzun kullan\u0131ml\u0131 \u00fcr\u00fcnlerde de \u00f6ncelikle tercih edilir. taslama kutu da kutunun malzeme kalitesinin yan\u0131nda kutu i\u015f\u00e7ili\u011fi de \u00e7ok \u00f6nemlidir.<br \/>\nTaslama kutu \u00fczerine uygulayabilece\u011finiz ofset bask\u0131, yald\u0131z bask\u0131, lak uygulamas\u0131, gofre uygulamas\u0131 ve daha bir\u00e7ok teknikle bask\u0131 uygulayabilir ve markan\u0131z\u0131 temsil etmesini sa\u011flayabilirsiniz.<\/h4>","protected":false},"excerpt":{"rendered":"<p><img loading=\"lazy\" decoding=\"async\" class=\"alignnone size-full wp-image-3713\" src=\"http:\/\/www.pakklasor.com\/wp-content\/uploads\/2021\/10\/aciklama-1.png\" alt=\"\" width=\"758\" height=\"681\" srcset=\"https:\/\/www.pakklasor.com\/wp-content\/uploads\/2021\/10\/aciklama-1.png 758w, https:\/\/www.pakklasor.com\/wp-content\/uploads\/2021\/10\/aciklama-1-13x12.png 13w\" sizes=\"auto, (max-width: 758px) 100vw, 758px\" \/><\/p>","protected":false},"featured_media":3739,"comment_status":"open","ping_status":"closed","template":"","meta":[],"product_cat":[49],"product_tag":[246,245,88,181,244,243],"class_list":["post-3738","product","type-product","status-publish","has-post-thumbnail","hentry","product_cat-kutular","product_tag-baskili-kutu","product_tag-cilt-bezi-kutu","product_tag-kutu","product_tag-kutu-imalati","product_tag-taki-kutusu","product_tag-taslama-kutu"],"_links":{"self":[{"href":"https:\/\/www.pakklasor.com\/tr\/wp-json\/wp\/v2\/product\/3738","targetHints":{"allow":["GET"]}}],"collection":[{"href":"https:\/\/www.pakklasor.com\/tr\/wp-json\/wp\/v2\/product"}],"about":[{"href":"https:\/\/www.pakklasor.com\/tr\/wp-json\/wp\/v2\/types\/product"}],"replies":[{"embeddable":true,"href":"https:\/\/www.pakklasor.com\/tr\/wp-json\/wp\/v2\/comments?post=3738"}],"wp:featuredmedia":[{"embeddable":true,"href":"https:\/\/www.pakklasor.com\/tr\/wp-json\/wp\/v2\/media\/3739"}],"wp:attachment":[{"href":"https:\/\/www.pakklasor.com\/tr\/wp-json\/wp\/v2\/media?parent=3738"}],"wp:term":[{"taxonomy":"product_cat","embeddable":true,"href":"https:\/\/www.pakklasor.com\/tr\/wp-json\/wp\/v2\/product_cat?post=3738"},{"taxonomy":"product_tag","embeddable":true,"href":"https:\/\/www.pakklasor.com\/tr\/wp-json\/wp\/v2\/product_tag?post=3738"}],"curies":[{"name":"wp","href":"https:\/\/api.w.org\/{rel}","templated":true}]}}