{"id":3678,"date":"2021-10-07T14:45:15","date_gmt":"2021-10-07T14:45:15","guid":{"rendered":"https:\/\/www.pakklasor.com\/?post_type=product&#038;p=3678"},"modified":"2021-10-07T14:45:16","modified_gmt":"2021-10-07T14:45:16","slug":"kapakli-menu","status":"publish","type":"product","link":"https:\/\/www.pakklasor.com\/tr\/shop\/menu\/kapakli-menu\/","title":{"rendered":"Kapakl\u0131 Men\u00fc"},"content":{"rendered":"<h4>\u00a0 \u00a0\u0130yi ve do\u011fru haz\u0131rlanm\u0131\u015f bir men\u00fc hem i\u015fletmenin itibar\u0131n\u0131 ve kimli\u011fini do\u011fru yans\u0131t\u0131r hem de sat\u0131\u015flar\u0131 etkiler.<\/h4>\n<h4>\nSizin tasarlad\u0131\u011f\u0131n\u0131z, bizim \u00fcretti\u011fimiz men\u00fcler ile i\u015fletmenize \u015f\u0131kl\u0131k katabilirsiniz.<\/h4>","protected":false},"excerpt":{"rendered":"<p><img loading=\"lazy\" decoding=\"async\" class=\"alignnone size-full wp-image-3433\" src=\"http:\/\/www.pakklasor.com\/wp-content\/uploads\/2021\/10\/aciklama.png\" alt=\"\" width=\"758\" height=\"681\" srcset=\"https:\/\/www.pakklasor.com\/wp-content\/uploads\/2021\/10\/aciklama.png 758w, https:\/\/www.pakklasor.com\/wp-content\/uploads\/2021\/10\/aciklama-13x12.png 13w\" sizes=\"auto, (max-width: 758px) 100vw, 758px\" \/><\/p>","protected":false},"featured_media":3679,"comment_status":"open","ping_status":"closed","template":"","meta":[],"product_cat":[45],"product_tag":[229,75,196,230,194],"class_list":["post-3678","product","type-product","status-publish","has-post-thumbnail","hentry","product_cat-menu","product_tag-kapakli-menu","product_tag-menu","product_tag-menu-imalati","product_tag-menu-kapagi","product_tag-restaurant-menusu"],"_links":{"self":[{"href":"https:\/\/www.pakklasor.com\/tr\/wp-json\/wp\/v2\/product\/3678","targetHints":{"allow":["GET"]}}],"collection":[{"href":"https:\/\/www.pakklasor.com\/tr\/wp-json\/wp\/v2\/product"}],"about":[{"href":"https:\/\/www.pakklasor.com\/tr\/wp-json\/wp\/v2\/types\/product"}],"replies":[{"embeddable":true,"href":"https:\/\/www.pakklasor.com\/tr\/wp-json\/wp\/v2\/comments?post=3678"}],"wp:featuredmedia":[{"embeddable":true,"href":"https:\/\/www.pakklasor.com\/tr\/wp-json\/wp\/v2\/media\/3679"}],"wp:attachment":[{"href":"https:\/\/www.pakklasor.com\/tr\/wp-json\/wp\/v2\/media?parent=3678"}],"wp:term":[{"taxonomy":"product_cat","embeddable":true,"href":"https:\/\/www.pakklasor.com\/tr\/wp-json\/wp\/v2\/product_cat?post=3678"},{"taxonomy":"product_tag","embeddable":true,"href":"https:\/\/www.pakklasor.com\/tr\/wp-json\/wp\/v2\/product_tag?post=3678"}],"curies":[{"name":"wp","href":"https:\/\/api.w.org\/{rel}","templated":true}]}}