{"id":3661,"date":"2021-10-07T14:20:48","date_gmt":"2021-10-07T14:20:48","guid":{"rendered":"https:\/\/www.pakklasor.com\/?post_type=product&#038;p=3661"},"modified":"2021-10-07T14:21:19","modified_gmt":"2021-10-07T14:21:19","slug":"baskili-kartela-basligi","status":"publish","type":"product","link":"https:\/\/www.pakklasor.com\/tr\/shop\/kartela\/baskili-kartela-basligi\/","title":{"rendered":"Bask\u0131l\u0131 Kuma\u015f Kartelas\u0131 Ba\u015fl\u0131\u011f\u0131"},"content":{"rendered":"<h4>\u00a0 \u00a0Kartelalar , firmalar\u0131n sunumlar\u0131nda kulland\u0131klar\u0131 reklam materyalleridir. \u00dcr\u00fcnlerinizi tan\u0131tman\u0131z a\u00e7\u0131s\u0131ndan sizlere kolayl\u0131k sa\u011flamaktad\u0131r. Kartelalar her sekt\u00f6re hitap etmekte ve kar\u015f\u0131m\u0131za \u00e7\u0131kabilmektedir. Bizim kartela imalat\u0131m\u0131zda \u00f6l\u00e7\u00fcler ve \u015fekiller m\u00fc\u015fterilerimizin iste\u011fi do\u011frultusunda \u015fekillenmektedir.<\/h4>","protected":false},"excerpt":{"rendered":"<p><img loading=\"lazy\" decoding=\"async\" class=\"alignnone size-full wp-image-3433\" src=\"http:\/\/www.pakklasor.com\/wp-content\/uploads\/2021\/10\/aciklama.png\" alt=\"\" width=\"758\" height=\"681\" srcset=\"https:\/\/www.pakklasor.com\/wp-content\/uploads\/2021\/10\/aciklama.png 758w, https:\/\/www.pakklasor.com\/wp-content\/uploads\/2021\/10\/aciklama-13x12.png 13w\" sizes=\"auto, (max-width: 758px) 100vw, 758px\" \/><\/p>","protected":false},"featured_media":3662,"comment_status":"open","ping_status":"closed","template":"","meta":[],"product_cat":[50],"product_tag":[223,212,224,69,221,210],"class_list":["post-3661","product","type-product","status-publish","has-post-thumbnail","hentry","product_cat-kartela","product_tag-askili-kartela","product_tag-baskili-kartela","product_tag-citcitli-kartela","product_tag-kartela","product_tag-kartela-basligi","product_tag-kartela-imalati"],"_links":{"self":[{"href":"https:\/\/www.pakklasor.com\/tr\/wp-json\/wp\/v2\/product\/3661","targetHints":{"allow":["GET"]}}],"collection":[{"href":"https:\/\/www.pakklasor.com\/tr\/wp-json\/wp\/v2\/product"}],"about":[{"href":"https:\/\/www.pakklasor.com\/tr\/wp-json\/wp\/v2\/types\/product"}],"replies":[{"embeddable":true,"href":"https:\/\/www.pakklasor.com\/tr\/wp-json\/wp\/v2\/comments?post=3661"}],"wp:featuredmedia":[{"embeddable":true,"href":"https:\/\/www.pakklasor.com\/tr\/wp-json\/wp\/v2\/media\/3662"}],"wp:attachment":[{"href":"https:\/\/www.pakklasor.com\/tr\/wp-json\/wp\/v2\/media?parent=3661"}],"wp:term":[{"taxonomy":"product_cat","embeddable":true,"href":"https:\/\/www.pakklasor.com\/tr\/wp-json\/wp\/v2\/product_cat?post=3661"},{"taxonomy":"product_tag","embeddable":true,"href":"https:\/\/www.pakklasor.com\/tr\/wp-json\/wp\/v2\/product_tag?post=3661"}],"curies":[{"name":"wp","href":"https:\/\/api.w.org\/{rel}","templated":true}]}}