{"id":1340,"date":"2021-06-05T08:37:54","date_gmt":"2021-06-05T08:37:54","guid":{"rendered":"https:\/\/www.pakklasor.com\/?post_type=product&#038;p=1340"},"modified":"2021-10-08T13:59:03","modified_gmt":"2021-10-08T13:59:03","slug":"baskili-ofis-tipi","status":"publish","type":"product","link":"http:\/\/www.pakklasor.com\/tr\/shop\/ofis-klasoru\/baskili-ofis-tipi\/","title":{"rendered":"Bask\u0131l\u0131 Dershane Klas\u00f6r\u00fc"},"content":{"rendered":"<h4>\u00a0 \u00a0Her sekt\u00f6re hitap eden, \u00fcr\u00fcn tan\u0131t\u0131m ve pazarlama a\u015famalar\u0131nda katalog olarak kullanabilece\u011finiz, ofislerinizde evrak y\u00f6netimini ve ar\u015fivlemesini d\u00fczenleyebilece\u011finiz; personelleriniz i\u00e7in \u00f6zl\u00fck dosyas\u0131 ve m\u00fc\u015fterileriniz i\u00e7in m\u00fc\u015fteri dosyas\u0131 olarak kullanabilece\u011finiz \u00fcr\u00fcnlerdir.<\/h4>\n<h4>Klas\u00f6rler; tekliflerinizde, sunumlar\u0131n\u0131zda, yurt i\u00e7i ya da yurt d\u0131\u015f\u0131 fuarlarda ya da kurum i\u00e7inde kullanabilece\u011finiz, kullan\u0131\u015fl\u0131 ve kal\u0131c\u0131 tan\u0131t\u0131m \u00fcr\u00fcnleridir. Etkili bir tasar\u0131mla uzun s\u00fcreli kullan\u0131m olana\u011f\u0131 bulunan klas\u00f6rler uzun vadede markan\u0131z\u0131n ak\u0131lda kalmas\u0131n\u0131 sa\u011flayacak reklam \u00e7\u00f6z\u00fcmleridir.<\/h4>","protected":false},"excerpt":{"rendered":"<p><img loading=\"lazy\" decoding=\"async\" class=\"alignnone size-full wp-image-3433\" src=\"http:\/\/www.pakklasor.com\/wp-content\/uploads\/2021\/10\/aciklama.png\" alt=\"\" width=\"758\" height=\"681\" srcset=\"http:\/\/www.pakklasor.com\/wp-content\/uploads\/2021\/10\/aciklama.png 758w, http:\/\/www.pakklasor.com\/wp-content\/uploads\/2021\/10\/aciklama-13x12.png 13w\" sizes=\"auto, (max-width: 758px) 100vw, 758px\" \/><\/p>","protected":false},"featured_media":1341,"comment_status":"open","ping_status":"closed","template":"","meta":[],"product_cat":[76,52],"product_tag":[67,178,86,85,87,90],"class_list":["post-1340","product","type-product","status-publish","has-post-thumbnail","hentry","product_cat-baskili-klasor","product_cat-ofis-klasoru","product_tag-baskili-klasor","product_tag-derhane-klasoru","product_tag-folder","product_tag-klasor","product_tag-klasor-imalati","product_tag-ofis-klasoru"],"_links":{"self":[{"href":"http:\/\/www.pakklasor.com\/tr\/wp-json\/wp\/v2\/product\/1340","targetHints":{"allow":["GET"]}}],"collection":[{"href":"http:\/\/www.pakklasor.com\/tr\/wp-json\/wp\/v2\/product"}],"about":[{"href":"http:\/\/www.pakklasor.com\/tr\/wp-json\/wp\/v2\/types\/product"}],"replies":[{"embeddable":true,"href":"http:\/\/www.pakklasor.com\/tr\/wp-json\/wp\/v2\/comments?post=1340"}],"wp:featuredmedia":[{"embeddable":true,"href":"http:\/\/www.pakklasor.com\/tr\/wp-json\/wp\/v2\/media\/1341"}],"wp:attachment":[{"href":"http:\/\/www.pakklasor.com\/tr\/wp-json\/wp\/v2\/media?parent=1340"}],"wp:term":[{"taxonomy":"product_cat","embeddable":true,"href":"http:\/\/www.pakklasor.com\/tr\/wp-json\/wp\/v2\/product_cat?post=1340"},{"taxonomy":"product_tag","embeddable":true,"href":"http:\/\/www.pakklasor.com\/tr\/wp-json\/wp\/v2\/product_tag?post=1340"}],"curies":[{"name":"wp","href":"https:\/\/api.w.org\/{rel}","templated":true}]}}